{"id":5211,"date":"2020-10-21T19:07:12","date_gmt":"2020-10-21T19:07:12","guid":{"rendered":"https:\/\/sakura-aachen.de\/?page_id=5211"},"modified":"2026-01-01T23:11:49","modified_gmt":"2026-01-01T23:11:49","slug":"menu","status":"publish","type":"page","link":"https:\/\/sakura-aachen.de\/ja\/menu\/","title":{"rendered":"\u30e1\u30cb\u30e5\u30fc"},"content":{"rendered":"","protected":false},"excerpt":{"rendered":"","protected":false},"author":1,"featured_media":6410,"parent":0,"menu_order":11,"comment_status":"closed","ping_status":"closed","template":"page-menu.php","meta":{"_acf_changed":false,"footnotes":""},"class_list":["post-5211","page","type-page","status-publish","has-post-thumbnail","hentry"],"acf":[],"yoast_head":"<!-- This site is optimized with the Yoast SEO plugin v27.4 - https:\/\/yoast.com\/product\/yoast-seo-wordpress\/ -->\n<title>\u30e1\u30cb\u30e5\u30fc - \u6afb\uff5c\u548c\u98df\u30ec\u30b9\u30c8\u30e9\u30f3SAKURA - \u30c9\u30a4\u30c4\u30fb\u30a2\u30fc\u30d8\u30f3\u306e\u65e5\u672c\u98df\u30fb\u548c\u98df\u30ec\u30b9\u30c8\u30e9\u30f3<\/title>\n<meta name=\"description\" content=\"Die beliebteste Wahl unserer G\u00e4ste: das Kotobuki Men\u00fc. Individuell zusammengestelltes Mehrgang-Men\u00fc f\u00fcr den besten Einblick in die japanische Kochvielfalt.\" \/>\n<meta name=\"robots\" content=\"index, follow, max-snippet:-1, max-image-preview:large, max-video-preview:-1\" \/>\n<link rel=\"canonical\" href=\"https:\/\/sakura-aachen.de\/ja\/menu\/\" \/>\n<meta property=\"og:locale\" content=\"ja_JP\" \/>\n<meta property=\"og:type\" content=\"article\" \/>\n<meta property=\"og:title\" content=\"\u30e1\u30cb\u30e5\u30fc - \u6afb\uff5c\u548c\u98df\u30ec\u30b9\u30c8\u30e9\u30f3SAKURA - \u30c9\u30a4\u30c4\u30fb\u30a2\u30fc\u30d8\u30f3\u306e\u65e5\u672c\u98df\u30fb\u548c\u98df\u30ec\u30b9\u30c8\u30e9\u30f3\" \/>\n<meta property=\"og:description\" content=\"Die beliebteste Wahl unserer G\u00e4ste: das Kotobuki Men\u00fc. Individuell zusammengestelltes Mehrgang-Men\u00fc f\u00fcr den besten Einblick in die japanische Kochvielfalt.\" \/>\n<meta property=\"og:url\" content=\"https:\/\/sakura-aachen.de\/ja\/menu\/\" \/>\n<meta property=\"og:site_name\" content=\"\u6afb\uff5c\u548c\u98df\u30ec\u30b9\u30c8\u30e9\u30f3SAKURA - \u30c9\u30a4\u30c4\u30fb\u30a2\u30fc\u30d8\u30f3\u306e\u65e5\u672c\u98df\u30fb\u548c\u98df\u30ec\u30b9\u30c8\u30e9\u30f3\" \/>\n<meta property=\"article:modified_time\" content=\"2026-01-01T23:11:49+00:00\" \/>\n<meta property=\"og:image\" content=\"https:\/\/sakura-aachen.de\/wp-content\/uploads\/2021\/11\/03.jpg\" \/>\n\t<meta property=\"og:image:width\" content=\"1920\" \/>\n\t<meta property=\"og:image:height\" content=\"1080\" \/>\n\t<meta property=\"og:image:type\" content=\"image\/jpeg\" \/>\n<meta name=\"twitter:card\" content=\"summary_large_image\" \/>\n<meta name=\"twitter:label1\" content=\"\u63a8\u5b9a\u8aad\u307f\u53d6\u308a\u6642\u9593\" \/>\n\t<meta name=\"twitter:data1\" content=\"1\u5206\" \/>\n<script type=\"application\/ld+json\" class=\"yoast-schema-graph\">{\"@context\":\"https:\\\/\\\/schema.org\",\"@graph\":[{\"@type\":\"WebPage\",\"@id\":\"https:\\\/\\\/sakura-aachen.de\\\/ja\\\/menu\\\/\",\"url\":\"https:\\\/\\\/sakura-aachen.de\\\/ja\\\/menu\\\/\",\"name\":\"\u30e1\u30cb\u30e5\u30fc - \u6afb\uff5c\u548c\u98df\u30ec\u30b9\u30c8\u30e9\u30f3SAKURA - \u30c9\u30a4\u30c4\u30fb\u30a2\u30fc\u30d8\u30f3\u306e\u65e5\u672c\u98df\u30fb\u548c\u98df\u30ec\u30b9\u30c8\u30e9\u30f3\",\"isPartOf\":{\"@id\":\"https:\\\/\\\/sakura-aachen.de\\\/ja\\\/#website\"},\"primaryImageOfPage\":{\"@id\":\"https:\\\/\\\/sakura-aachen.de\\\/ja\\\/menu\\\/#primaryimage\"},\"image\":{\"@id\":\"https:\\\/\\\/sakura-aachen.de\\\/ja\\\/menu\\\/#primaryimage\"},\"thumbnailUrl\":\"https:\\\/\\\/sakura-aachen.de\\\/wp-content\\\/uploads\\\/2021\\\/11\\\/03.jpg\",\"datePublished\":\"2020-10-21T19:07:12+00:00\",\"dateModified\":\"2026-01-01T23:11:49+00:00\",\"description\":\"Die beliebteste Wahl unserer G\u00e4ste: das Kotobuki Men\u00fc. Individuell zusammengestelltes Mehrgang-Men\u00fc f\u00fcr den besten Einblick in die japanische Kochvielfalt.\",\"breadcrumb\":{\"@id\":\"https:\\\/\\\/sakura-aachen.de\\\/ja\\\/menu\\\/#breadcrumb\"},\"inLanguage\":\"ja\",\"potentialAction\":[{\"@type\":\"ReadAction\",\"target\":[\"https:\\\/\\\/sakura-aachen.de\\\/ja\\\/menu\\\/\"]}]},{\"@type\":\"ImageObject\",\"inLanguage\":\"ja\",\"@id\":\"https:\\\/\\\/sakura-aachen.de\\\/ja\\\/menu\\\/#primaryimage\",\"url\":\"https:\\\/\\\/sakura-aachen.de\\\/wp-content\\\/uploads\\\/2021\\\/11\\\/03.jpg\",\"contentUrl\":\"https:\\\/\\\/sakura-aachen.de\\\/wp-content\\\/uploads\\\/2021\\\/11\\\/03.jpg\",\"width\":1920,\"height\":1080},{\"@type\":\"BreadcrumbList\",\"@id\":\"https:\\\/\\\/sakura-aachen.de\\\/ja\\\/menu\\\/#breadcrumb\",\"itemListElement\":[{\"@type\":\"ListItem\",\"position\":1,\"name\":\"Home\",\"item\":\"https:\\\/\\\/sakura-aachen.de\\\/ja\\\/\"},{\"@type\":\"ListItem\",\"position\":2,\"name\":\"\u30e1\u30cb\u30e5\u30fc\"}]},{\"@type\":\"WebSite\",\"@id\":\"https:\\\/\\\/sakura-aachen.de\\\/ja\\\/#website\",\"url\":\"https:\\\/\\\/sakura-aachen.de\\\/ja\\\/\",\"name\":\"\u6afb\uff5c\u548c\u98df\u30ec\u30b9\u30c8\u30e9\u30f3SAKURA - \u30c9\u30a4\u30c4\u30fb\u30a2\u30fc\u30d8\u30f3\u306e\u65e5\u672c\u98df\u30fb\u548c\u98df\u30ec\u30b9\u30c8\u30e9\u30f3\",\"description\":\"\",\"publisher\":{\"@id\":\"https:\\\/\\\/sakura-aachen.de\\\/ja\\\/#organization\"},\"potentialAction\":[{\"@type\":\"SearchAction\",\"target\":{\"@type\":\"EntryPoint\",\"urlTemplate\":\"https:\\\/\\\/sakura-aachen.de\\\/ja\\\/?s={search_term_string}\"},\"query-input\":{\"@type\":\"PropertyValueSpecification\",\"valueRequired\":true,\"valueName\":\"search_term_string\"}}],\"inLanguage\":\"ja\"},{\"@type\":\"Organization\",\"@id\":\"https:\\\/\\\/sakura-aachen.de\\\/ja\\\/#organization\",\"name\":\"SAKURA - Japanisches Restaurant\",\"url\":\"https:\\\/\\\/sakura-aachen.de\\\/ja\\\/\",\"logo\":{\"@type\":\"ImageObject\",\"inLanguage\":\"ja\",\"@id\":\"https:\\\/\\\/sakura-aachen.de\\\/ja\\\/#\\\/schema\\\/logo\\\/image\\\/\",\"url\":\"https:\\\/\\\/sakura-aachen.de\\\/wp-content\\\/uploads\\\/2021\\\/12\\\/sakura-aachen_logo.png\",\"contentUrl\":\"https:\\\/\\\/sakura-aachen.de\\\/wp-content\\\/uploads\\\/2021\\\/12\\\/sakura-aachen_logo.png\",\"width\":500,\"height\":500,\"caption\":\"SAKURA - Japanisches Restaurant\"},\"image\":{\"@id\":\"https:\\\/\\\/sakura-aachen.de\\\/ja\\\/#\\\/schema\\\/logo\\\/image\\\/\"}}]}<\/script>\n<!-- \/ Yoast SEO plugin. -->","yoast_head_json":{"title":"\u30e1\u30cb\u30e5\u30fc - \u6afb\uff5c\u548c\u98df\u30ec\u30b9\u30c8\u30e9\u30f3SAKURA - \u30c9\u30a4\u30c4\u30fb\u30a2\u30fc\u30d8\u30f3\u306e\u65e5\u672c\u98df\u30fb\u548c\u98df\u30ec\u30b9\u30c8\u30e9\u30f3","description":"Die beliebteste Wahl unserer G\u00e4ste: das Kotobuki Men\u00fc. Individuell zusammengestelltes Mehrgang-Men\u00fc f\u00fcr den besten Einblick in die japanische Kochvielfalt.","robots":{"index":"index","follow":"follow","max-snippet":"max-snippet:-1","max-image-preview":"max-image-preview:large","max-video-preview":"max-video-preview:-1"},"canonical":"https:\/\/sakura-aachen.de\/ja\/menu\/","og_locale":"ja_JP","og_type":"article","og_title":"\u30e1\u30cb\u30e5\u30fc - \u6afb\uff5c\u548c\u98df\u30ec\u30b9\u30c8\u30e9\u30f3SAKURA - \u30c9\u30a4\u30c4\u30fb\u30a2\u30fc\u30d8\u30f3\u306e\u65e5\u672c\u98df\u30fb\u548c\u98df\u30ec\u30b9\u30c8\u30e9\u30f3","og_description":"Die beliebteste Wahl unserer G\u00e4ste: das Kotobuki Men\u00fc. Individuell zusammengestelltes Mehrgang-Men\u00fc f\u00fcr den besten Einblick in die japanische Kochvielfalt.","og_url":"https:\/\/sakura-aachen.de\/ja\/menu\/","og_site_name":"\u6afb\uff5c\u548c\u98df\u30ec\u30b9\u30c8\u30e9\u30f3SAKURA - \u30c9\u30a4\u30c4\u30fb\u30a2\u30fc\u30d8\u30f3\u306e\u65e5\u672c\u98df\u30fb\u548c\u98df\u30ec\u30b9\u30c8\u30e9\u30f3","article_modified_time":"2026-01-01T23:11:49+00:00","og_image":[{"width":1920,"height":1080,"url":"https:\/\/sakura-aachen.de\/wp-content\/uploads\/2021\/11\/03.jpg","type":"image\/jpeg"}],"twitter_card":"summary_large_image","twitter_misc":{"\u63a8\u5b9a\u8aad\u307f\u53d6\u308a\u6642\u9593":"1\u5206"},"schema":{"@context":"https:\/\/schema.org","@graph":[{"@type":"WebPage","@id":"https:\/\/sakura-aachen.de\/ja\/menu\/","url":"https:\/\/sakura-aachen.de\/ja\/menu\/","name":"\u30e1\u30cb\u30e5\u30fc - \u6afb\uff5c\u548c\u98df\u30ec\u30b9\u30c8\u30e9\u30f3SAKURA - \u30c9\u30a4\u30c4\u30fb\u30a2\u30fc\u30d8\u30f3\u306e\u65e5\u672c\u98df\u30fb\u548c\u98df\u30ec\u30b9\u30c8\u30e9\u30f3","isPartOf":{"@id":"https:\/\/sakura-aachen.de\/ja\/#website"},"primaryImageOfPage":{"@id":"https:\/\/sakura-aachen.de\/ja\/menu\/#primaryimage"},"image":{"@id":"https:\/\/sakura-aachen.de\/ja\/menu\/#primaryimage"},"thumbnailUrl":"https:\/\/sakura-aachen.de\/wp-content\/uploads\/2021\/11\/03.jpg","datePublished":"2020-10-21T19:07:12+00:00","dateModified":"2026-01-01T23:11:49+00:00","description":"Die beliebteste Wahl unserer G\u00e4ste: das Kotobuki Men\u00fc. Individuell zusammengestelltes Mehrgang-Men\u00fc f\u00fcr den besten Einblick in die japanische Kochvielfalt.","breadcrumb":{"@id":"https:\/\/sakura-aachen.de\/ja\/menu\/#breadcrumb"},"inLanguage":"ja","potentialAction":[{"@type":"ReadAction","target":["https:\/\/sakura-aachen.de\/ja\/menu\/"]}]},{"@type":"ImageObject","inLanguage":"ja","@id":"https:\/\/sakura-aachen.de\/ja\/menu\/#primaryimage","url":"https:\/\/sakura-aachen.de\/wp-content\/uploads\/2021\/11\/03.jpg","contentUrl":"https:\/\/sakura-aachen.de\/wp-content\/uploads\/2021\/11\/03.jpg","width":1920,"height":1080},{"@type":"BreadcrumbList","@id":"https:\/\/sakura-aachen.de\/ja\/menu\/#breadcrumb","itemListElement":[{"@type":"ListItem","position":1,"name":"Home","item":"https:\/\/sakura-aachen.de\/ja\/"},{"@type":"ListItem","position":2,"name":"\u30e1\u30cb\u30e5\u30fc"}]},{"@type":"WebSite","@id":"https:\/\/sakura-aachen.de\/ja\/#website","url":"https:\/\/sakura-aachen.de\/ja\/","name":"\u6afb\uff5c\u548c\u98df\u30ec\u30b9\u30c8\u30e9\u30f3SAKURA - \u30c9\u30a4\u30c4\u30fb\u30a2\u30fc\u30d8\u30f3\u306e\u65e5\u672c\u98df\u30fb\u548c\u98df\u30ec\u30b9\u30c8\u30e9\u30f3","description":"","publisher":{"@id":"https:\/\/sakura-aachen.de\/ja\/#organization"},"potentialAction":[{"@type":"SearchAction","target":{"@type":"EntryPoint","urlTemplate":"https:\/\/sakura-aachen.de\/ja\/?s={search_term_string}"},"query-input":{"@type":"PropertyValueSpecification","valueRequired":true,"valueName":"search_term_string"}}],"inLanguage":"ja"},{"@type":"Organization","@id":"https:\/\/sakura-aachen.de\/ja\/#organization","name":"SAKURA - Japanisches Restaurant","url":"https:\/\/sakura-aachen.de\/ja\/","logo":{"@type":"ImageObject","inLanguage":"ja","@id":"https:\/\/sakura-aachen.de\/ja\/#\/schema\/logo\/image\/","url":"https:\/\/sakura-aachen.de\/wp-content\/uploads\/2021\/12\/sakura-aachen_logo.png","contentUrl":"https:\/\/sakura-aachen.de\/wp-content\/uploads\/2021\/12\/sakura-aachen_logo.png","width":500,"height":500,"caption":"SAKURA - Japanisches Restaurant"},"image":{"@id":"https:\/\/sakura-aachen.de\/ja\/#\/schema\/logo\/image\/"}}]}},"_links":{"self":[{"href":"https:\/\/sakura-aachen.de\/ja\/wp-json\/wp\/v2\/pages\/5211","targetHints":{"allow":["GET"]}}],"collection":[{"href":"https:\/\/sakura-aachen.de\/ja\/wp-json\/wp\/v2\/pages"}],"about":[{"href":"https:\/\/sakura-aachen.de\/ja\/wp-json\/wp\/v2\/types\/page"}],"author":[{"embeddable":true,"href":"https:\/\/sakura-aachen.de\/ja\/wp-json\/wp\/v2\/users\/1"}],"replies":[{"embeddable":true,"href":"https:\/\/sakura-aachen.de\/ja\/wp-json\/wp\/v2\/comments?post=5211"}],"version-history":[{"count":66,"href":"https:\/\/sakura-aachen.de\/ja\/wp-json\/wp\/v2\/pages\/5211\/revisions"}],"predecessor-version":[{"id":7996,"href":"https:\/\/sakura-aachen.de\/ja\/wp-json\/wp\/v2\/pages\/5211\/revisions\/7996"}],"wp:featuredmedia":[{"embeddable":true,"href":"https:\/\/sakura-aachen.de\/ja\/wp-json\/wp\/v2\/media\/6410"}],"wp:attachment":[{"href":"https:\/\/sakura-aachen.de\/ja\/wp-json\/wp\/v2\/media?parent=5211"}],"curies":[{"name":"wp","href":"https:\/\/api.w.org\/{rel}","templated":true}]}}